{"id":2,"date":"2018-07-21T12:16:28","date_gmt":"2018-07-21T10:16:28","guid":{"rendered":"http:\/\/labor-bakum.de\/?page_id=2"},"modified":"2022-09-23T17:27:42","modified_gmt":"2022-09-23T15:27:42","slug":"startseite","status":"publish","type":"page","link":"http:\/\/labor-bakum.de\/","title":{"rendered":"Startseite"},"content":{"rendered":"\n<h2 class=\"wp-block-heading\">Herzlich Willkommen<\/h2>\n\n\n\n<p><img loading=\"lazy\" decoding=\"async\" width=\"500\" height=\"450\" class=\"attachment-gateway-page-image size-gateway-page-image wp-post-image\" src=\"http:\/\/labor-bakum.de\/wp-content\/uploads\/2017\/01\/Labor_Bakum_IMG_2507_web-500x450.jpg\" alt=\"Labor_Bakum_IMG_2507_web\"><\/p>\n\n\n\n<p>Wir sind Ihr Labor f\u00fcr klinisch-chemische Analytik und H\u00e4matologie.<br>Zu unserem Leistungsspektrum z\u00e4hlen:<\/p>\n\n\n\n<ol class=\"wp-block-list\"><li>Ermittlung von Parameter zur Fr\u00fchdiagnose<\/li><li>Ermittlung bei Verlaufsuntersuchungen und Leistungskontrollen<\/li><li>Suchprogramme (entsprechend des klinischen Bildes)<\/li><li>Hilfestellung bei Fragen zu besonderen Untersuchungen<\/li><li>Durchf\u00fchrung von Analysen f\u00fcr wissenschaftliche Arbeiten<\/li><\/ol>\n","protected":false},"excerpt":{"rendered":"<p>Herzlich Willkommen Wir sind Ihr Labor f\u00fcr klinisch-chemische Analytik und H\u00e4matologie.Zu unserem Leistungsspektrum z\u00e4hlen: Ermittlung von Parameter zur Fr\u00fchdiagnose Ermittlung bei Verlaufsuntersuchungen und Leistungskontrollen Suchprogramme (entsprechend des klinischen Bildes) Hilfestellung bei Fragen zu besonderen Untersuchungen Durchf\u00fchrung von Analysen f\u00fcr wissenschaftliche Arbeiten<\/p>\n","protected":false},"author":1,"featured_media":0,"parent":0,"menu_order":0,"comment_status":"closed","ping_status":"closed","template":"","meta":{"_et_pb_use_builder":"off","_et_pb_old_content":"","_et_gb_content_width":"1080","footnotes":""},"class_list":["post-2","page","type-page","status-publish","hentry"],"_links":{"self":[{"href":"http:\/\/labor-bakum.de\/index.php?rest_route=\/wp\/v2\/pages\/2","targetHints":{"allow":["GET"]}}],"collection":[{"href":"http:\/\/labor-bakum.de\/index.php?rest_route=\/wp\/v2\/pages"}],"about":[{"href":"http:\/\/labor-bakum.de\/index.php?rest_route=\/wp\/v2\/types\/page"}],"author":[{"embeddable":true,"href":"http:\/\/labor-bakum.de\/index.php?rest_route=\/wp\/v2\/users\/1"}],"replies":[{"embeddable":true,"href":"http:\/\/labor-bakum.de\/index.php?rest_route=%2Fwp%2Fv2%2Fcomments&post=2"}],"version-history":[{"count":9,"href":"http:\/\/labor-bakum.de\/index.php?rest_route=\/wp\/v2\/pages\/2\/revisions"}],"predecessor-version":[{"id":74,"href":"http:\/\/labor-bakum.de\/index.php?rest_route=\/wp\/v2\/pages\/2\/revisions\/74"}],"wp:attachment":[{"href":"http:\/\/labor-bakum.de\/index.php?rest_route=%2Fwp%2Fv2%2Fmedia&parent=2"}],"curies":[{"name":"wp","href":"https:\/\/api.w.org\/{rel}","templated":true}]}}