{"id":39,"date":"2018-07-21T13:15:41","date_gmt":"2018-07-21T11:15:41","guid":{"rendered":"http:\/\/labor-bakum.de\/?page_id=39"},"modified":"2022-09-23T17:36:40","modified_gmt":"2022-09-23T15:36:40","slug":"ergebnisuebermittlung","status":"publish","type":"page","link":"http:\/\/labor-bakum.de\/?page_id=39","title":{"rendered":"Ergebnis\u00fcbermittlung"},"content":{"rendered":"\n<p><img loading=\"lazy\" decoding=\"async\" class=\"attachment-gateway-page-image size-gateway-page-image wp-post-image\" src=\"http:\/\/labor-bakum.de\/wp-content\/uploads\/2016\/03\/klinisch-chemische-Analytik-Bakum-500x350.jpg\" alt=\"klinisch-chemische Analytik-Bakum\" width=\"500\" height=\"350\"><\/p>\n\n\n\n<p>Die Befunde \u00fcbermitteln wir Ihnen&nbsp;<strong>per Fax<\/strong>&nbsp;und&nbsp;<strong>per E-Mail.&nbsp;<\/strong>In dringenden F\u00e4llen k\u00f6nnen Sie das Zwischenergebnis auch telefonisch erfragen.<\/p>\n\n\n\n<p><strong>Referenzbereiche<\/strong><br>Wir verf\u00fcgen \u00fcber spezielle Referenzbereiche f\u00fcr Pferde, Fohlen (altersabh\u00e4ngig) Kleintiere, sowie bei den Nutztiere f\u00fcr Rinder, K\u00e4lber, Schweine, G\u00e4nse. In dem Ergebnisbericht, den Sie erhalten, markieren wir f\u00fcr Sie, welche Werte sich au\u00dferhalb des jeweiligen Referenzbereichs befinden.<\/p>\n\n\n\n<p><\/p>\n","protected":false},"excerpt":{"rendered":"<p>Die Befunde \u00fcbermitteln wir Ihnen&nbsp;per Fax&nbsp;und&nbsp;per E-Mail.&nbsp;In dringenden F\u00e4llen k\u00f6nnen Sie das Zwischenergebnis auch telefonisch erfragen. ReferenzbereicheWir verf\u00fcgen \u00fcber spezielle Referenzbereiche f\u00fcr Pferde, Fohlen (altersabh\u00e4ngig) Kleintiere, sowie bei den Nutztiere f\u00fcr Rinder, K\u00e4lber, Schweine, G\u00e4nse. In dem Ergebnisbericht, den Sie erhalten, markieren wir f\u00fcr Sie, welche Werte sich au\u00dferhalb des jeweiligen Referenzbereichs befinden.<\/p>\n","protected":false},"author":1,"featured_media":0,"parent":0,"menu_order":0,"comment_status":"closed","ping_status":"closed","template":"","meta":{"_et_pb_use_builder":"off","_et_pb_old_content":"","_et_gb_content_width":"1080","footnotes":""},"class_list":["post-39","page","type-page","status-publish","hentry"],"_links":{"self":[{"href":"http:\/\/labor-bakum.de\/index.php?rest_route=\/wp\/v2\/pages\/39","targetHints":{"allow":["GET"]}}],"collection":[{"href":"http:\/\/labor-bakum.de\/index.php?rest_route=\/wp\/v2\/pages"}],"about":[{"href":"http:\/\/labor-bakum.de\/index.php?rest_route=\/wp\/v2\/types\/page"}],"author":[{"embeddable":true,"href":"http:\/\/labor-bakum.de\/index.php?rest_route=\/wp\/v2\/users\/1"}],"replies":[{"embeddable":true,"href":"http:\/\/labor-bakum.de\/index.php?rest_route=%2Fwp%2Fv2%2Fcomments&post=39"}],"version-history":[{"count":5,"href":"http:\/\/labor-bakum.de\/index.php?rest_route=\/wp\/v2\/pages\/39\/revisions"}],"predecessor-version":[{"id":82,"href":"http:\/\/labor-bakum.de\/index.php?rest_route=\/wp\/v2\/pages\/39\/revisions\/82"}],"wp:attachment":[{"href":"http:\/\/labor-bakum.de\/index.php?rest_route=%2Fwp%2Fv2%2Fmedia&parent=39"}],"curies":[{"name":"wp","href":"https:\/\/api.w.org\/{rel}","templated":true}]}}