{"id":42,"date":"2018-07-21T13:15:58","date_gmt":"2018-07-21T11:15:58","guid":{"rendered":"http:\/\/labor-bakum.de\/?page_id=42"},"modified":"2022-09-23T17:35:47","modified_gmt":"2022-09-23T15:35:47","slug":"geschichte","status":"publish","type":"page","link":"http:\/\/labor-bakum.de\/?page_id=42","title":{"rendered":"Geschichte"},"content":{"rendered":"\n<p><img loading=\"lazy\" decoding=\"async\" class=\"attachment-gateway-page-image size-gateway-page-image wp-post-image\" src=\"http:\/\/labor-bakum.de\/wp-content\/uploads\/2016\/03\/Labor-Bakum-Mikroskop-500x350.jpg\" alt=\"Labor-Bakum-Mikroskop\" width=\"500\" height=\"350\"><\/p>\n\n\n\n<p><strong>1985<\/strong><br>Gr\u00fcndung der \u00c4rztlichen Laborgemeinschaft Vechta auf Initiative von Frau A. Cla\u00dfen<\/p>\n\n\n\n<p><strong>1994<\/strong><br>\u00dcbernahme des Labors und Gr\u00fcndung eines privaten Einsendelabors f\u00fcr \u00c4rzte und Tier\u00e4rzte<\/p>\n\n\n\n<p><strong>1998<\/strong><br>Spezialisierung auf Parameter f\u00fcr die Veterin\u00e4rmedizin<\/p>\n\n\n\n<p><\/p>\n","protected":false},"excerpt":{"rendered":"<p>1985Gr\u00fcndung der \u00c4rztlichen Laborgemeinschaft Vechta auf Initiative von Frau A. Cla\u00dfen 1994\u00dcbernahme des Labors und Gr\u00fcndung eines privaten Einsendelabors f\u00fcr \u00c4rzte und Tier\u00e4rzte 1998Spezialisierung auf Parameter f\u00fcr die Veterin\u00e4rmedizin<\/p>\n","protected":false},"author":1,"featured_media":0,"parent":0,"menu_order":0,"comment_status":"closed","ping_status":"closed","template":"","meta":{"_et_pb_use_builder":"off","_et_pb_old_content":"","_et_gb_content_width":"1080","footnotes":""},"class_list":["post-42","page","type-page","status-publish","hentry"],"_links":{"self":[{"href":"http:\/\/labor-bakum.de\/index.php?rest_route=\/wp\/v2\/pages\/42","targetHints":{"allow":["GET"]}}],"collection":[{"href":"http:\/\/labor-bakum.de\/index.php?rest_route=\/wp\/v2\/pages"}],"about":[{"href":"http:\/\/labor-bakum.de\/index.php?rest_route=\/wp\/v2\/types\/page"}],"author":[{"embeddable":true,"href":"http:\/\/labor-bakum.de\/index.php?rest_route=\/wp\/v2\/users\/1"}],"replies":[{"embeddable":true,"href":"http:\/\/labor-bakum.de\/index.php?rest_route=%2Fwp%2Fv2%2Fcomments&post=42"}],"version-history":[{"count":4,"href":"http:\/\/labor-bakum.de\/index.php?rest_route=\/wp\/v2\/pages\/42\/revisions"}],"predecessor-version":[{"id":80,"href":"http:\/\/labor-bakum.de\/index.php?rest_route=\/wp\/v2\/pages\/42\/revisions\/80"}],"wp:attachment":[{"href":"http:\/\/labor-bakum.de\/index.php?rest_route=%2Fwp%2Fv2%2Fmedia&parent=42"}],"curies":[{"name":"wp","href":"https:\/\/api.w.org\/{rel}","templated":true}]}}